{"id":31,"date":"2025-05-27T14:08:40","date_gmt":"2025-05-27T14:08:40","guid":{"rendered":"https:\/\/www.pizzaalpasso.com\/galeria\/"},"modified":"2025-09-25T19:23:29","modified_gmt":"2025-09-25T19:23:29","slug":"galeria","status":"publish","type":"page","link":"https:\/\/www.pizzaalpasso.com\/?page_id=31","title":{"rendered":"Galer\u00eda"},"content":{"rendered":"\t\t<div data-elementor-type=\"wp-page\" data-elementor-id=\"31\" class=\"elementor elementor-31\" data-elementor-post-type=\"page\">\n\t\t\t\t<div class=\"elementor-element elementor-element-65ed458 e-con-full e-flex e-con e-parent\" data-id=\"65ed458\" data-element_type=\"container\" data-e-type=\"container\" data-settings=\"{&quot;background_background&quot;:&quot;classic&quot;}\">\n\t\t\t\t<div class=\"elementor-element elementor-element-4ed7b04 elementor-widget__width-inherit elementor-arrows-position-inside elementor-pagination-position-outside elementor-widget elementor-widget-image-carousel\" data-id=\"4ed7b04\" data-element_type=\"widget\" data-e-type=\"widget\" data-settings=\"{&quot;slides_to_show&quot;:&quot;4&quot;,&quot;slides_to_scroll&quot;:&quot;1&quot;,&quot;navigation&quot;:&quot;both&quot;,&quot;autoplay&quot;:&quot;yes&quot;,&quot;pause_on_interaction&quot;:&quot;yes&quot;,&quot;autoplay_speed&quot;:5000,&quot;infinite&quot;:&quot;yes&quot;,&quot;speed&quot;:500,&quot;image_spacing_custom&quot;:{&quot;unit&quot;:&quot;px&quot;,&quot;size&quot;:20,&quot;sizes&quot;:[]},&quot;image_spacing_custom_tablet&quot;:{&quot;unit&quot;:&quot;px&quot;,&quot;size&quot;:&quot;&quot;,&quot;sizes&quot;:[]},&quot;image_spacing_custom_mobile&quot;:{&quot;unit&quot;:&quot;px&quot;,&quot;size&quot;:&quot;&quot;,&quot;sizes&quot;:[]}}\" data-widget_type=\"image-carousel.default\">\n\t\t\t\t<div class=\"elementor-widget-container\">\n\t\t\t\t\t\t\t<div class=\"elementor-image-carousel-wrapper swiper\" role=\"region\" aria-roledescription=\"carousel\" aria-label=\"Carrusel de im\u00e1genes\" dir=\"ltr\">\n\t\t\t<div class=\"elementor-image-carousel swiper-wrapper\" aria-live=\"off\">\n\t\t\t\t\t\t\t\t<div class=\"swiper-slide\" role=\"group\" aria-roledescription=\"slide\" aria-label=\"1 de 15\"><figure class=\"swiper-slide-inner\"><img fetchpriority=\"high\" decoding=\"async\" src=\"https:\/\/www.pizzaalpasso.com\/wp-content\/uploads\/2025\/05\/1000487374-scaled-e1748360110516-1022x1024.jpg\" alt=\"Picada\" class=\"swiper-slide-image\" width=\"1022\" height=\"1024\" \/><\/figure><\/div><div class=\"swiper-slide\" role=\"group\" aria-roledescription=\"slide\" aria-label=\"2 de 15\"><figure class=\"swiper-slide-inner\"><img decoding=\"async\" src=\"https:\/\/www.pizzaalpasso.com\/wp-content\/uploads\/2025\/05\/1000423503-scaled-e1748359892863-1024x1022.jpg\" alt=\"Empanadas\" class=\"swiper-slide-image\" width=\"1024\" height=\"1022\" \/><\/figure><\/div><div class=\"swiper-slide\" role=\"group\" aria-roledescription=\"slide\" aria-label=\"3 de 15\"><figure class=\"swiper-slide-inner\"><img decoding=\"async\" src=\"https:\/\/www.pizzaalpasso.com\/wp-content\/uploads\/2025\/06\/PALITOS-POLLO-1024x1024.jpeg\" alt=\"PALITOS POLLO\" class=\"swiper-slide-image\" width=\"1024\" height=\"1024\" \/><\/figure><\/div><div class=\"swiper-slide\" role=\"group\" aria-roledescription=\"slide\" aria-label=\"4 de 15\"><figure class=\"swiper-slide-inner\"><img loading=\"lazy\" decoding=\"async\" src=\"https:\/\/www.pizzaalpasso.com\/wp-content\/uploads\/2025\/06\/CAZUELA-1024x1024.jpeg\" alt=\"CAZUELA\" class=\"swiper-slide-image\" width=\"1024\" height=\"1024\" \/><\/figure><\/div><div class=\"swiper-slide\" role=\"group\" aria-roledescription=\"slide\" aria-label=\"5 de 15\"><figure class=\"swiper-slide-inner\"><img loading=\"lazy\" decoding=\"async\" src=\"https:\/\/www.pizzaalpasso.com\/wp-content\/uploads\/2025\/06\/PASTAS-1024x1024.jpeg\" alt=\"PASTAS\" class=\"swiper-slide-image\" width=\"1024\" height=\"1024\" \/><\/figure><\/div><div class=\"swiper-slide\" role=\"group\" aria-roledescription=\"slide\" aria-label=\"6 de 15\"><figure class=\"swiper-slide-inner\"><img loading=\"lazy\" decoding=\"async\" src=\"https:\/\/www.pizzaalpasso.com\/wp-content\/uploads\/2025\/07\/WhatsApp-Image-2025-07-01-at-10.04.00-AM-1-scaled-e1751387087501-1022x1024.jpeg\" alt=\"WhatsApp Image 2025-07-01 at 10.04.00 AM (1)\" class=\"swiper-slide-image\" width=\"1022\" height=\"1024\" \/><\/figure><\/div><div class=\"swiper-slide\" role=\"group\" aria-roledescription=\"slide\" aria-label=\"7 de 15\"><figure class=\"swiper-slide-inner\"><img loading=\"lazy\" decoding=\"async\" src=\"https:\/\/www.pizzaalpasso.com\/wp-content\/uploads\/2025\/07\/WhatsApp-Image-2025-07-01-at-10.04.00-AM-scaled-e1751387191686-1024x1024.jpeg\" alt=\"WhatsApp Image 2025-07-01 at 10.04.00 AM\" class=\"swiper-slide-image\" width=\"1024\" height=\"1024\" \/><\/figure><\/div><div class=\"swiper-slide\" role=\"group\" aria-roledescription=\"slide\" aria-label=\"8 de 15\"><figure class=\"swiper-slide-inner\"><img loading=\"lazy\" decoding=\"async\" src=\"https:\/\/www.pizzaalpasso.com\/wp-content\/uploads\/2025\/07\/WhatsApp-Image-2025-07-01-at-10.03.59-AM-4-1024x1024.jpeg\" alt=\"WhatsApp Image 2025-07-01 at 10.03.59 AM (4)\" class=\"swiper-slide-image\" width=\"1024\" height=\"1024\" \/><\/figure><\/div><div class=\"swiper-slide\" role=\"group\" aria-roledescription=\"slide\" aria-label=\"9 de 15\"><figure class=\"swiper-slide-inner\"><img loading=\"lazy\" decoding=\"async\" src=\"https:\/\/www.pizzaalpasso.com\/wp-content\/uploads\/2025\/07\/WhatsApp-Image-2025-07-01-at-10.03.59-AM-3.jpeg\" alt=\"WhatsApp Image 2025-07-01 at 10.03.59 AM (3)\" class=\"swiper-slide-image\" width=\"720\" height=\"720\" \/><\/figure><\/div><div class=\"swiper-slide\" role=\"group\" aria-roledescription=\"slide\" aria-label=\"10 de 15\"><figure class=\"swiper-slide-inner\"><img loading=\"lazy\" decoding=\"async\" src=\"https:\/\/www.pizzaalpasso.com\/wp-content\/uploads\/2025\/07\/WhatsApp-Image-2025-07-01-at-10.03.59-AM-2-e1751387219176-1024x1022.jpeg\" alt=\"WhatsApp Image 2025-07-01 at 10.03.59 AM (2)\" class=\"swiper-slide-image\" width=\"1024\" height=\"1022\" \/><\/figure><\/div><div class=\"swiper-slide\" role=\"group\" aria-roledescription=\"slide\" aria-label=\"11 de 15\"><figure class=\"swiper-slide-inner\"><img loading=\"lazy\" decoding=\"async\" src=\"https:\/\/www.pizzaalpasso.com\/wp-content\/uploads\/2025\/07\/WhatsApp-Image-2025-07-01-at-10.03.59-AM-1-e1751387250834-1024x1018.jpeg\" alt=\"WhatsApp Image 2025-07-01 at 10.03.59 AM (1)\" class=\"swiper-slide-image\" width=\"1024\" height=\"1018\" \/><\/figure><\/div><div class=\"swiper-slide\" role=\"group\" aria-roledescription=\"slide\" aria-label=\"12 de 15\"><figure class=\"swiper-slide-inner\"><img loading=\"lazy\" decoding=\"async\" src=\"https:\/\/www.pizzaalpasso.com\/wp-content\/uploads\/2025\/07\/WhatsApp-Image-2025-07-01-at-10.03.59-AM-scaled-e1751387275347-1024x1022.webp\" alt=\"WhatsApp Image 2025-07-01 at 10.03.59 AM\" class=\"swiper-slide-image\" width=\"1024\" height=\"1022\" \/><\/figure><\/div><div class=\"swiper-slide\" role=\"group\" aria-roledescription=\"slide\" aria-label=\"13 de 15\"><figure class=\"swiper-slide-inner\"><img loading=\"lazy\" decoding=\"async\" src=\"https:\/\/www.pizzaalpasso.com\/wp-content\/uploads\/2025\/09\/Imagen-de-WhatsApp-2025-09-25-a-las-13.57.31_09513e0c-e1758826827718.webp\" alt=\"Imagen de WhatsApp 2025-09-25 a las 13.57.31_09513e0c\" class=\"swiper-slide-image\" width=\"736\" height=\"736\" \/><\/figure><\/div><div class=\"swiper-slide\" role=\"group\" aria-roledescription=\"slide\" aria-label=\"14 de 15\"><figure class=\"swiper-slide-inner\"><img loading=\"lazy\" decoding=\"async\" src=\"https:\/\/www.pizzaalpasso.com\/wp-content\/uploads\/2025\/09\/Imagen-de-WhatsApp-2025-09-25-a-las-13.53.44_d1e2b95d-768x1024.jpg\" alt=\"Imagen de WhatsApp 2025-09-25 a las 13.53.44_d1e2b95d\" class=\"swiper-slide-image\" width=\"768\" height=\"1024\" \/><\/figure><\/div><div class=\"swiper-slide\" role=\"group\" aria-roledescription=\"slide\" aria-label=\"15 de 15\"><figure class=\"swiper-slide-inner\"><img loading=\"lazy\" decoding=\"async\" src=\"https:\/\/www.pizzaalpasso.com\/wp-content\/uploads\/2025\/09\/Imagen-de-WhatsApp-2025-09-25-a-las-13.53.43_794d3781-768x1024.jpg\" alt=\"Imagen de WhatsApp 2025-09-25 a las 13.53.43_794d3781\" class=\"swiper-slide-image\" width=\"768\" height=\"1024\" \/><\/figure><\/div>\t\t\t<\/div>\n\t\t\t\t\t\t\t\t\t\t\t\t<div class=\"elementor-swiper-button elementor-swiper-button-prev\" role=\"button\" tabindex=\"0\">\n\t\t\t\t\t\t<i aria-hidden=\"true\" class=\"eicon-chevron-left\"><\/i>\t\t\t\t\t<\/div>\n\t\t\t\t\t<div class=\"elementor-swiper-button elementor-swiper-button-next\" role=\"button\" tabindex=\"0\">\n\t\t\t\t\t\t<i aria-hidden=\"true\" class=\"eicon-chevron-right\"><\/i>\t\t\t\t\t<\/div>\n\t\t\t\t\n\t\t\t\t\t\t\t\t\t<div class=\"swiper-pagination\"><\/div>\n\t\t\t\t\t\t\t\t\t<\/div>\n\t\t\t\t\t\t<\/div>\n\t\t\t\t<\/div>\n\t\t<div class=\"elementor-element elementor-element-3600ce1 e-flex e-con-boxed e-con e-child\" data-id=\"3600ce1\" data-element_type=\"container\" data-e-type=\"container\">\n\t\t\t\t\t<div class=\"e-con-inner\">\n\t\t\t\t<div class=\"elementor-element elementor-element-1587a79 elementor-widget elementor-widget-heading\" data-id=\"1587a79\" data-element_type=\"widget\" data-e-type=\"widget\" data-widget_type=\"heading.default\">\n\t\t\t\t<div class=\"elementor-widget-container\">\n\t\t\t\t\t<h2 class=\"elementor-heading-title elementor-size-default\">Galeria<\/h2>\t\t\t\t<\/div>\n\t\t\t\t<\/div>\n\t\t\t\t<div class=\"elementor-element elementor-element-4247931 elementor-widget elementor-widget-text-editor\" data-id=\"4247931\" data-element_type=\"widget\" data-e-type=\"widget\" data-widget_type=\"text-editor.default\">\n\t\t\t\t<div class=\"elementor-widget-container\">\n\t\t\t\t\t\t\t\t\t<p>Pizza al Passo. Un lugar que combina el alma de la parrilla argentina, la autenticidad de la cocina italiana, y el toque creativo de la gastronom\u00eda gourmet, todo en un ambiente acogedor, al aire libre y pet friendly.<\/p>\t\t\t\t\t\t\t\t<\/div>\n\t\t\t\t<\/div>\n\t\t\t\t\t<\/div>\n\t\t\t\t<\/div>\n\t\t\t\t<\/div>\n\t\t<div class=\"elementor-element elementor-element-0eb5c21 e-grid e-con-boxed e-con e-parent\" data-id=\"0eb5c21\" data-element_type=\"container\" data-e-type=\"container\">\n\t\t\t\t\t<div class=\"e-con-inner\">\n\t\t\t\t<div class=\"elementor-element elementor-element-d41561c elementor-widget elementor-widget-video\" data-id=\"d41561c\" data-element_type=\"widget\" data-e-type=\"widget\" data-settings=\"{&quot;video_type&quot;:&quot;hosted&quot;,&quot;autoplay&quot;:&quot;yes&quot;,&quot;mute&quot;:&quot;yes&quot;,&quot;loop&quot;:&quot;yes&quot;,&quot;controls&quot;:&quot;yes&quot;}\" data-widget_type=\"video.default\">\n\t\t\t\t<div class=\"elementor-widget-container\">\n\t\t\t\t\t\t\t<div class=\"e-hosted-video elementor-wrapper elementor-open-inline\">\n\t\t\t\t\t<video class=\"elementor-video\" src=\"https:\/\/www.pizzaalpasso.com\/wp-content\/uploads\/2025\/06\/WhatsApp-Video-2025-06-05-at-8.56.25-AM.mp4\" autoplay=\"\" loop=\"\" controls=\"\" muted=\"muted\" controlsList=\"nodownload\"><\/video>\n\t\t\t\t<\/div>\n\t\t\t\t\t\t<\/div>\n\t\t\t\t<\/div>\n\t\t\t\t<div class=\"elementor-element elementor-element-0e2b9b6 elementor-widget elementor-widget-video\" data-id=\"0e2b9b6\" data-element_type=\"widget\" data-e-type=\"widget\" data-settings=\"{&quot;video_type&quot;:&quot;hosted&quot;,&quot;autoplay&quot;:&quot;yes&quot;,&quot;mute&quot;:&quot;yes&quot;,&quot;loop&quot;:&quot;yes&quot;,&quot;controls&quot;:&quot;yes&quot;}\" data-widget_type=\"video.default\">\n\t\t\t\t<div class=\"elementor-widget-container\">\n\t\t\t\t\t\t\t<div class=\"e-hosted-video elementor-wrapper elementor-open-inline\">\n\t\t\t\t\t<video class=\"elementor-video\" src=\"https:\/\/www.pizzaalpasso.com\/wp-content\/uploads\/2025\/09\/Video-de-WhatsApp-2025-09-25-a-las-13.51.58_f5fab128.mp4\" autoplay=\"\" loop=\"\" controls=\"\" muted=\"muted\" controlsList=\"nodownload\"><\/video>\n\t\t\t\t<\/div>\n\t\t\t\t\t\t<\/div>\n\t\t\t\t<\/div>\n\t\t\t\t\t<\/div>\n\t\t\t\t<\/div>\n\t\t<div class=\"elementor-element elementor-element-651f3d5 e-flex e-con-boxed e-con e-parent\" data-id=\"651f3d5\" data-element_type=\"container\" data-e-type=\"container\" data-settings=\"{&quot;background_background&quot;:&quot;classic&quot;,&quot;shape_divider_top&quot;:&quot;mountains&quot;,&quot;shape_divider_bottom&quot;:&quot;mountains&quot;}\">\n\t\t\t\t\t<div class=\"e-con-inner\">\n\t\t\t\t<div class=\"elementor-shape elementor-shape-top\" aria-hidden=\"true\" data-negative=\"false\">\n\t\t\t<svg xmlns=\"http:\/\/www.w3.org\/2000\/svg\" viewBox=\"0 0 1000 100\" preserveAspectRatio=\"none\">\n\t<path class=\"elementor-shape-fill\" opacity=\"0.33\" d=\"M473,67.3c-203.9,88.3-263.1-34-320.3,0C66,119.1,0,59.7,0,59.7V0h1000v59.7 c0,0-62.1,26.1-94.9,29.3c-32.8,3.3-62.8-12.3-75.8-22.1C806,49.6,745.3,8.7,694.9,4.7S492.4,59,473,67.3z\"\/>\n\t<path class=\"elementor-shape-fill\" opacity=\"0.66\" d=\"M734,67.3c-45.5,0-77.2-23.2-129.1-39.1c-28.6-8.7-150.3-10.1-254,39.1 s-91.7-34.4-149.2,0C115.7,118.3,0,39.8,0,39.8V0h1000v36.5c0,0-28.2-18.5-92.1-18.5C810.2,18.1,775.7,67.3,734,67.3z\"\/>\n\t<path class=\"elementor-shape-fill\" d=\"M766.1,28.9c-200-57.5-266,65.5-395.1,19.5C242,1.8,242,5.4,184.8,20.6C128,35.8,132.3,44.9,89.9,52.5C28.6,63.7,0,0,0,0 h1000c0,0-9.9,40.9-83.6,48.1S829.6,47,766.1,28.9z\"\/>\n<\/svg>\t\t<\/div>\n\t\t\t\t<div class=\"elementor-shape elementor-shape-bottom\" aria-hidden=\"true\" data-negative=\"false\">\n\t\t\t<svg xmlns=\"http:\/\/www.w3.org\/2000\/svg\" viewBox=\"0 0 1000 100\" preserveAspectRatio=\"none\">\n\t<path class=\"elementor-shape-fill\" opacity=\"0.33\" d=\"M473,67.3c-203.9,88.3-263.1-34-320.3,0C66,119.1,0,59.7,0,59.7V0h1000v59.7 c0,0-62.1,26.1-94.9,29.3c-32.8,3.3-62.8-12.3-75.8-22.1C806,49.6,745.3,8.7,694.9,4.7S492.4,59,473,67.3z\"\/>\n\t<path class=\"elementor-shape-fill\" opacity=\"0.66\" d=\"M734,67.3c-45.5,0-77.2-23.2-129.1-39.1c-28.6-8.7-150.3-10.1-254,39.1 s-91.7-34.4-149.2,0C115.7,118.3,0,39.8,0,39.8V0h1000v36.5c0,0-28.2-18.5-92.1-18.5C810.2,18.1,775.7,67.3,734,67.3z\"\/>\n\t<path class=\"elementor-shape-fill\" d=\"M766.1,28.9c-200-57.5-266,65.5-395.1,19.5C242,1.8,242,5.4,184.8,20.6C128,35.8,132.3,44.9,89.9,52.5C28.6,63.7,0,0,0,0 h1000c0,0-9.9,40.9-83.6,48.1S829.6,47,766.1,28.9z\"\/>\n<\/svg>\t\t<\/div>\n\t\t\t\t<div class=\"elementor-element elementor-element-fd732a8 elementor-widget elementor-widget-spacer\" data-id=\"fd732a8\" data-element_type=\"widget\" data-e-type=\"widget\" data-widget_type=\"spacer.default\">\n\t\t\t\t<div class=\"elementor-widget-container\">\n\t\t\t\t\t\t\t<div class=\"elementor-spacer\">\n\t\t\t<div class=\"elementor-spacer-inner\"><\/div>\n\t\t<\/div>\n\t\t\t\t\t\t<\/div>\n\t\t\t\t<\/div>\n\t\t\t\t<div class=\"elementor-element elementor-element-ed47b82 elementor-widget elementor-widget-heading\" data-id=\"ed47b82\" data-element_type=\"widget\" data-e-type=\"widget\" data-widget_type=\"heading.default\">\n\t\t\t\t<div class=\"elementor-widget-container\">\n\t\t\t\t\t<h2 class=\"elementor-heading-title elementor-size-default\">Pizza Al Passo<\/h2>\t\t\t\t<\/div>\n\t\t\t\t<\/div>\n\t\t\t\t<div class=\"elementor-element elementor-element-caacc09 elementor-widget__width-initial elementor-widget elementor-widget-text-editor\" data-id=\"caacc09\" data-element_type=\"widget\" data-e-type=\"widget\" data-widget_type=\"text-editor.default\">\n\t\t\t\t<div class=\"elementor-widget-container\">\n\t\t\t\t\t\t\t\t\t<h2>\u00a0\u00abAl cruzar el umbral de Pizza al Passo es imposible no sentir que se ha llegado al lugar correcto. El comedor natural del restaurante refresca la temperatura c\u00e1lida de Girardot sin traicionar sus colores o su vegetaci\u00f3n Entonces el olor y el men\u00fa invitan a saborear estupendas recetas en medio de la frescura de su ambiente. Los platos desde el m\u00e1s sencillo como una naranjada hasta un cochinillo al horno, todos se caracterizan por el cuidado del detalle. Su sabores son definidos, arom\u00e1ticos y estimulantes. La mano de un autor gobierna una comida sencilla, sin pretensiones petulantes, pero con un delicioso estilo. En Pizza al Passo se cosecha el buen gusto adem\u00e1s en la m\u00fasica del sitio y en su decoraci\u00f3n e iluminaci\u00f3n, pero no nos vayamos a confundir, todo en Pizza al Passo redunda en los sabores y en la comodidad del invitado. Despu\u00e9s de 15 a\u00f1os puedo decir sin temor a exagerar que Pizza al Passo ya es mucho m\u00e1s que Pizza y no me gusta ir de Paso.\u00bb<\/h2><p><b>Mauricio Navas Talero<\/b><\/p>\t\t\t\t\t\t\t\t<\/div>\n\t\t\t\t<\/div>\n\t\t\t\t<div class=\"elementor-element elementor-element-57e6b4b elementor-widget elementor-widget-spacer\" data-id=\"57e6b4b\" data-element_type=\"widget\" data-e-type=\"widget\" data-widget_type=\"spacer.default\">\n\t\t\t\t<div class=\"elementor-widget-container\">\n\t\t\t\t\t\t\t<div class=\"elementor-spacer\">\n\t\t\t<div class=\"elementor-spacer-inner\"><\/div>\n\t\t<\/div>\n\t\t\t\t\t\t<\/div>\n\t\t\t\t<\/div>\n\t\t\t\t\t<\/div>\n\t\t\t\t<\/div>\n\t\t\t\t<\/div>\n\t\t","protected":false},"excerpt":{"rendered":"<p>Galeria Pizza al Passo. Un lugar que combina el alma de la parrilla argentina, la autenticidad de la cocina italiana, y el toque creativo de la gastronom\u00eda gourmet, todo en un ambiente acogedor, al aire libre y pet friendly. https:\/\/www.pizzaalpasso.com\/wp-content\/uploads\/2025\/06\/WhatsApp-Video-2025-06-05-at-8.56.25-AM.mp4https:\/\/www.pizzaalpasso.com\/wp-content\/uploads\/2025\/09\/Video-de-WhatsApp-2025-09-25-a-las-13.51.58_f5fab128.mp4 Pizza Al Passo \u00a0\u00abAl cruzar el umbral de Pizza al Passo es imposible no sentir [&hellip;]<\/p>\n","protected":false},"author":1,"featured_media":0,"parent":0,"menu_order":0,"comment_status":"closed","ping_status":"closed","template":"elementor_header_footer","meta":{"footnotes":""},"class_list":["post-31","page","type-page","status-publish","hentry"],"_links":{"self":[{"href":"https:\/\/www.pizzaalpasso.com\/index.php?rest_route=\/wp\/v2\/pages\/31","targetHints":{"allow":["GET"]}}],"collection":[{"href":"https:\/\/www.pizzaalpasso.com\/index.php?rest_route=\/wp\/v2\/pages"}],"about":[{"href":"https:\/\/www.pizzaalpasso.com\/index.php?rest_route=\/wp\/v2\/types\/page"}],"author":[{"embeddable":true,"href":"https:\/\/www.pizzaalpasso.com\/index.php?rest_route=\/wp\/v2\/users\/1"}],"replies":[{"embeddable":true,"href":"https:\/\/www.pizzaalpasso.com\/index.php?rest_route=%2Fwp%2Fv2%2Fcomments&post=31"}],"version-history":[{"count":175,"href":"https:\/\/www.pizzaalpasso.com\/index.php?rest_route=\/wp\/v2\/pages\/31\/revisions"}],"predecessor-version":[{"id":655,"href":"https:\/\/www.pizzaalpasso.com\/index.php?rest_route=\/wp\/v2\/pages\/31\/revisions\/655"}],"wp:attachment":[{"href":"https:\/\/www.pizzaalpasso.com\/index.php?rest_route=%2Fwp%2Fv2%2Fmedia&parent=31"}],"curies":[{"name":"wp","href":"https:\/\/api.w.org\/{rel}","templated":true}]}}